{"id":1232,"date":"2017-02-17T16:27:17","date_gmt":"2017-02-17T21:27:17","guid":{"rendered":"http:\/\/chinaeam.uottawa.ca\/ICCASU\/?page_id=1232"},"modified":"2017-11-26T20:09:41","modified_gmt":"2017-11-27T01:09:41","slug":"1232-2","status":"publish","type":"page","link":"https:\/\/icccasu2017.org\/?page_id=1232","title":{"rendered":"Aux contributions"},"content":{"rendered":"<p><\/p>\n<p style=\"text-align: center;\"><strong>Conf\u00e9rence internationale sur l\u2019urbanisation durable au Canada, en Chine et en Afrique<\/strong><br \/>\n(International Conference on Canadian, Chinese and African Sustainable Urbanization-ICCCASU)<\/p>\n<h3 style=\"text-align: center;\"><strong>D\u00e9veloppement urbain intelligent : de l\u2019action locale vers le global<\/strong><\/h3>\n<p style=\"text-align: center;\"><strong>Dates :<\/strong> 12, 13 et 14 d\u00e9cembre 2017<br \/>\n<strong>Lieu :<\/strong> Yaound\u00e9 &#8211; Cameroun<br \/>\n<strong>Langues :<\/strong> fran\u00e7ais et anglais<\/p>\n<p><a href=\"http:\/\/chinaeam.uottawa.ca\/ICCASU\/wp-content\/uploads\/3rd-CFA-ICCCASU_II_Yaound%C3%A9_2017%20(July4-2017)E-F\">Cliquez pour t\u00e9l\u00e9charger le PDF\u00a0<\/a><\/p>\n<p>Sous le haut parrainage du gouvernement de la R\u00e9publique du Cameroun, en collaboration avec l\u2019ONU-Habitat et l\u2019Universit\u00e9 d\u2019Ottawa, la seconde conf\u00e9rence internationale sur l\u2019urbanisation durable au Canada, en Chine et en Afrique (ICCCASU II &#8211; Yaound\u00e9), D\u00e9veloppement urbain intelligent : de l\u2019action locale vers le global, se tiendra du 12 au 14 d\u00e9cembre 2017 \u00e0 Yaound\u00e9, capitale du Cameroun, pays bilingue et repr\u00e9sentatif des enjeux d\u2019urbanisation et des d\u00e9fis du d\u00e9veloppement urbain en Afrique. Suite \u00e0 la premi\u00e8re \u00e9dition tenue au Canada en 2015 et en pr\u00e9vision de celle devant se tenir en Chine en 2019, l\u2019ICCCASU II \u2013 Yaound\u00e9 2017 constitue une premi\u00e8re manifestation technoscientifique d\u2019envergure intercontinentale post-Habitat III, qui a produit un Nouvel Agenda Urbain au sommet d\u2019octobre 2016 pour les 20 prochaines ann\u00e9es. Le cadre d\u2019action de cette conf\u00e9rence s\u2019inscrit au sein d\u2019une coop\u00e9ration triangulaire polaris\u00e9e en Am\u00e9rique du Nord, en Asie et en Afrique, et comprend la formation, les expositions et la diss\u00e9mination des connaissances.<\/p>\n<p>Au-del\u00e0 des pratiques conventionnelles de la coop\u00e9ration Nord-Sud et Sud-Sud, l\u2019ICCCASU favorise un dialogue triangulaire entre les pays africains, le Canada et la Chine. L\u2019ICCCASU II &#8211; Yaound\u00e9 2017 sera structur\u00e9e en trois principales composantes : 1) la pr\u00e9-conf\u00e9rence: trois journ\u00e9es de formation\/ateliers, 2) les trois journ\u00e9es de conf\u00e9rence et d\u2019exhibition, et 3) la post-conf\u00e9rence : voyage de travail (optionnel). Nous inviterons plusieurs maires des villes africaines, canadiennes et chinoises ainsi que des intellectuels de renom sur le domaine comme conf\u00e9renciers d&#8217;honneur. Cette conf\u00e9rence permettra aux chercheurs, aux praticiens et aux d\u00e9cideurs des secteurs publics, priv\u00e9s, civils et communautaires de r\u00e9fl\u00e9chir sur les enjeux et d\u00e9fis urbains au Canada, en Chine et dans les pays d\u2019Afrique, avec une emphase sur le Cameroun. Ces pays b\u00e9n\u00e9ficieront de r\u00e9alisations concr\u00e8tes pour le d\u00e9veloppement urbain et la construction de villes r\u00e9pondant aux normes de durabilit\u00e9, de r\u00e9silience, d\u2019inclusivit\u00e9, de s\u00e9curit\u00e9 et d\u2019exportabilit\u00e9 au 21\u00e8me si\u00e8cle. Afin d\u2019\u00e9tudier dans quelle mesure les acteurs potentiels peuvent y parvenir, la conf\u00e9rence s\u2019int\u00e9ressera \u00e0 comprendre comment rattraper les retards, \u00e9liminer la fragilit\u00e9 et la vuln\u00e9rabilit\u00e9 du d\u00e9veloppement de plusieurs villes africaines. Elle portera une attention particuli\u00e8re \u00e0 la promotion du d\u00e9veloppement urbain intelligent dans une grande vari\u00e9t\u00e9 de contextes g\u00e9ographiques, historiques, politiques et \u00e9conomiques. Elle examinera \u00e9galement comment les questions locales et globales peuvent influencer le d\u00e9veloppement urbain durable et identifiera les strat\u00e9gies et les m\u00e9canismes favorables \u00e0 la gouvernance locale et globale des espaces urbains.<\/p>\n<p>Le comit\u00e9 de la Conf\u00e9rence internationale sur l\u2019urbanisation durable au Canada, en Chine et en Afrique (ICCCASU) sollicite vos contributions cadr\u00e9es dans les sept sections th\u00e9matiques, mais sans \u00eatre ferm\u00e9es, sur chaque continent, sur des croisements possibles, et sur des activit\u00e9s sp\u00e9ciales :<br \/>\n1. Contextes de globalisation et de localisation du d\u00e9veloppement urbain intelligent<br \/>\n2. Villes, changements climatiques et environnement<br \/>\n3. Innovations, recherches et d\u00e9veloppement socio-technologiques<br \/>\n4. Dynamiques sociocommunautaires urbaines<br \/>\n5. Impl\u00e9mentation du Nouvel Agenda Urbain<br \/>\n6. S\u00e9curit\u00e9 urbaine et enjeux fonciers<br \/>\n7. Enjeux d\u2019urbanisation d\u00e9fis du d\u00e9veloppement urbain en Afrique<\/p>\n<p><strong>Comment soumettre une contribution :<\/strong><br \/>\nTransmission \u00e9lectronique en format Word sur le formulaire, t\u00e9l\u00e9chargeable dans le site ICCASU.ORG ou http:\/\/chinaeam.uottawa.ca\/ICCASU\/, et pr\u00e9ciser la modalit\u00e9 de pr\u00e9sentation (orale ou affiche) \u00e0 <a href=\"mailto:icccasu2@uottawa.ca\">icccasu2@uottawa.ca<\/a> et\u00a0<a id=\"m_-2217833831842644754yui_3_16_0_ym19_1_1493638326662_4346\" href=\"mailto:mndongo@uottawa.ca\" target=\"_blank\" rel=\"nofollow\" shape=\"rect\">mndongo@uottawa.ca<\/a>.<br \/>\n1. Communication libre : r\u00e9sum\u00e9 de 250 mots<br \/>\n2. Organisation d\u2019un panel ou d\u2019un colloque : fournir un r\u00e9sum\u00e9 de 350 mots pour un panel\/colloque et les r\u00e9sum\u00e9s de 250 mots sur chaque prestation.<br \/>\n3. Si vous d\u00e9sirez participer aux trois journ\u00e9es de formation\/ateliers et\/ou \u00e0 l\u2019exhibition, veuillez contacter directement le comit\u00e9 d\u2019organisation \u00e0 : ICCCASUa@uottawa.ca.<br \/>\n4. Si vous d\u00e9sirez participer \u00e0 l\u2019exhibition, veuillez contacter directement le comit\u00e9 d\u2019organisation \u00e0 ICCCASUb@uottawa.ca.<\/p>\n<p>Toutes les propositions seront \u00e9valu\u00e9es par un comit\u00e9 de pairs et les textes publi\u00e9s sous la forme d\u2019actes num\u00e9riques de conf\u00e9rence accessibles dans le site.<\/p>\n<p><strong>Dates importantes :<\/strong><br \/>\n\u2022 Pour soumettre une proposition : 31 juillet 2017.<br \/>\n\u2022 D\u00e9cision d\u2019acceptation de la proposition : trois (3) semaines apr\u00e8s la soumission<\/p>\n<p><strong>Inscriptions<\/strong> (incluant les proc\u00e9dures, les d\u00e9jeuners, les d\u00eeners, les pauses-caf\u00e9, etc.)<strong> :<\/strong><br \/>\n<strong>\u2022 Avant le 30 juin 2017<\/strong><br \/>\no Participants r\u00e9guliers : <strong>200 US$<\/strong><br \/>\no \u00c9tudiants participants : <strong>100 US$<\/strong><br \/>\n<strong>\u2022 Apr\u00e8s le 1er juillet 2017 et le 31 octobre 2017<\/strong><br \/>\no Participants r\u00e9guliers : <strong>300 US$<\/strong><br \/>\no \u00c9tudiants participants : <strong>150 US$<\/strong><br \/>\n<strong>\u2022 Promotion sp\u00e9ciale pour les africains : moiti\u00e9 du prix pour les participants r\u00e9guliers et\/ou \u00e9tudiants.<\/strong><\/p>\n<p>Le Comit\u00e9 offrira un certain nombre de bourses aux meilleures communications par des \u00e9tudiants en r\u00e8gle dans les universit\u00e9s africaines pour couvrir la totalit\u00e9 des frais d\u2019inscription. Pour les d\u00e9tails, veuillez contacter Dr. Mebometa Ndongo, Directeur acad\u00e9mique de l\u2019ICCCASU \u00e0 <a href=\"mailto:mndongo@uottawa.ca\">mndongo@uottawa.ca<\/a><\/p>\n","protected":false},"excerpt":{"rendered":"<p>Conf\u00e9rence internationale sur l\u2019urbanisation durable au Canada, en Chine et en Afrique (International Conference on Canadian, Chinese and African Sustainable Urbanization-ICCCASU) D\u00e9veloppement urbain intelligent : de l\u2019action locale vers le global Dates : 12, 13 et 14 d\u00e9cembre 2017 Lieu : Yaound\u00e9 &#8211; Cameroun Langues : fran\u00e7ais et anglais Cliquez pour t\u00e9l\u00e9charger le PDF\u00a0 Sous [&hellip;]<\/p>\n","protected":false},"author":1,"featured_media":0,"parent":0,"menu_order":0,"comment_status":"closed","ping_status":"closed","template":"","meta":{"footnotes":""},"class_list":["post-1232","page","type-page","status-publish","hentry"],"_links":{"self":[{"href":"https:\/\/icccasu2017.org\/index.php?rest_route=\/wp\/v2\/pages\/1232","targetHints":{"allow":["GET"]}}],"collection":[{"href":"https:\/\/icccasu2017.org\/index.php?rest_route=\/wp\/v2\/pages"}],"about":[{"href":"https:\/\/icccasu2017.org\/index.php?rest_route=\/wp\/v2\/types\/page"}],"author":[{"embeddable":true,"href":"https:\/\/icccasu2017.org\/index.php?rest_route=\/wp\/v2\/users\/1"}],"replies":[{"embeddable":true,"href":"https:\/\/icccasu2017.org\/index.php?rest_route=%2Fwp%2Fv2%2Fcomments&post=1232"}],"version-history":[{"count":21,"href":"https:\/\/icccasu2017.org\/index.php?rest_route=\/wp\/v2\/pages\/1232\/revisions"}],"predecessor-version":[{"id":2599,"href":"https:\/\/icccasu2017.org\/index.php?rest_route=\/wp\/v2\/pages\/1232\/revisions\/2599"}],"wp:attachment":[{"href":"https:\/\/icccasu2017.org\/index.php?rest_route=%2Fwp%2Fv2%2Fmedia&parent=1232"}],"curies":[{"name":"wp","href":"https:\/\/api.w.org\/{rel}","templated":true}]}}